
{"id":955,"date":"2024-08-26T18:42:15","date_gmt":"2024-08-26T18:42:15","guid":{"rendered":"https:\/\/elprincipaldecorsega.com\/\/le-cercle\/"},"modified":"2025-05-14T13:55:00","modified_gmt":"2025-05-14T13:55:00","slug":"le-cercle","status":"publish","type":"page","link":"https:\/\/elprincipaldecorsega.com\/fr\/le-cercle\/","title":{"rendered":"Le cercle"},"content":{"rendered":"<div class=\"wpb-content-wrapper\">[vc_row thb_row_padding=\u00a0\u00bbtrue\u00a0\u00bb][vc_column][vc_column_text css=\u00a0\u00bb\u00a0\u00bb]\r\n<h1>Le cercle<\/h1>\r\n[\/vc_column_text][\/vc_column][\/vc_row][vc_row content_placement=\u00a0\u00bbmiddle\u00a0\u00bb el_class=\u00a0\u00bbz-section\u00a0\u00bb][vc_column][vc_column_text css=\u00a0\u00bb\u00a0\u00bb]Le Cercle est un espace de rencontre au sein d&rsquo;El Principal de C\u00f2rsega, n\u00e9 avec la volont\u00e9 de favoriser la connexion entre les personnes partageant un int\u00e9r\u00eat pour l&rsquo;Art. Dans cet environnement intime, nous organisons des activit\u00e9s exclusives allant des visites guid\u00e9es et conf\u00e9rences aux d\u00eeners et \u00e9v\u00e9nements priv\u00e9s, toujours dans le but de cr\u00e9er une communaut\u00e9 unie par la culture et de promouvoir le collectionnisme. \u00c0 travers Le Cercle, nous souhaitons rapprocher l&rsquo;Art de tous ceux et celles qui le consid\u00e8rent comme une partie essentielle de leur vie, en g\u00e9n\u00e9rant des espaces pour le dialogue, l&rsquo;apprentissage et l&rsquo;inspiration.[\/vc_column_text][\/vc_column][\/vc_row][vc_row thb_row_padding=\u00a0\u00bbtrue\u00a0\u00bb css=\u00a0\u00bb.vc_custom_1725782602246{margin-top: 50px !important;}\u00a0\u00bb][vc_column][vc_basic_grid post_type=\u00a0\u00bbpost\u00a0\u00bb max_items=\u00a0\u00bb1&Prime; element_width=\u00a0\u00bb12&Prime; gap=\u00a0\u00bb0&Prime; item=\u00a0\u00bb636&Prime; css=\u00a0\u00bb\u00a0\u00bb grid_id=\u00a0\u00bbvc_gid:1736635259888-9d220ced-42c4-3&Prime; taxonomies=\u00a0\u00bb28&Prime;][\/vc_column][\/vc_row][vc_row css=\u00a0\u00bb.vc_custom_1724532863430{margin-top: 32px !important;}\u00a0\u00bb][vc_column width=\u00a0\u00bb1\/2&Prime; css=\u00a0\u00bb.vc_custom_1736499549074{margin-bottom: 24px !important;}\u00a0\u00bb][vc_row_inner][vc_column_inner el_class=\u00a0\u00bbrealted-expo old-post\u00a0\u00bb css=\u00a0\u00bb.vc_custom_1736499580161{background-color: #f5f5f5 !important;}\u00a0\u00bb][vc_column_text css=\u00a0\u00bb\u00a0\u00bb]\r\n<h3>Expositions pr\u00e9c\u00e9dentes<\/h3>\r\n[\/vc_column_text][vc_basic_grid post_type=\u00a0\u00bbpost\u00a0\u00bb max_items=\u00a0\u00bb6&Prime; element_width=\u00a0\u00bb12&Prime; gap=\u00a0\u00bb0&Prime; item=\u00a0\u00bb116&Prime; css=\u00a0\u00bb\u00a0\u00bb grid_id=\u00a0\u00bbvc_gid:1736635259890-ef7e80d4-9004-7&Prime; taxonomies=\u00a0\u00bb24&Prime;][\/vc_column_inner][\/vc_row_inner][\/vc_column][vc_column width=\u00a0\u00bb1\/2&Prime; css=\u00a0\u00bb.vc_custom_1729848394475{margin-bottom: 24px !important;}\u00a0\u00bb offset=\u00a0\u00bbvc_hidden-lg vc_hidden-md vc_hidden-sm vc_hidden-xs\u00a0\u00bb][vc_row_inner][vc_column_inner el_class=\u00a0\u00bbrealted-expo soon\u00a0\u00bb css=\u00a0\u00bb.vc_custom_1724532482391{background-color: #f8eee3 !important;}\u00a0\u00bb][vc_column_text css=\u00a0\u00bb\u00a0\u00bb]\r\n<h3>\u00c0 venir<\/h3>\r\n[\/vc_column_text][vc_basic_grid post_type=\u00a0\u00bbpost\u00a0\u00bb max_items=\u00a0\u00bb6&Prime; element_width=\u00a0\u00bb12&Prime; gap=\u00a0\u00bb0&Prime; item=\u00a0\u00bb119&Prime; css=\u00a0\u00bb\u00a0\u00bb grid_id=\u00a0\u00bbvc_gid:1736635259891-156f50b6-9b86-5&Prime; taxonomies=\u00a0\u00bb29&Prime;][\/vc_column_inner][\/vc_row_inner][\/vc_column][\/vc_row]<\/div>","protected":false},"excerpt":{"rendered":"[vc_row thb_row_padding=\u00a0\u00bbtrue\u00a0\u00bb][vc_column][vc_column_text css=\u00a0\u00bb\u00a0\u00bb] Le cercle [\/vc_column_text][\/vc_column][\/vc_row][vc_row content_placement=\u00a0\u00bbmiddle\u00a0\u00bb el_class=\u00a0\u00bbz-section\u00a0\u00bb][vc_column][vc_column_text css=\u00a0\u00bb\u00a0\u00bb]Le Cercle est un espace de rencontre au sein d&rsquo;El Principal de C\u00f2rsega, n\u00e9 avec la volont\u00e9 de favoriser la connexion entre les personnes partageant un int\u00e9r\u00eat pour l&rsquo;Art. Dans cet environnement intime, nous organisons des activit\u00e9s exclusives allant des visites guid\u00e9es et conf\u00e9rences aux d\u00eeners et&hellip;","protected":false},"author":1,"featured_media":0,"parent":0,"menu_order":0,"comment_status":"closed","ping_status":"closed","template":"","meta":{"_acf_changed":false,"_monsterinsights_skip_tracking":false,"_monsterinsights_sitenote_active":false,"_monsterinsights_sitenote_note":"","_monsterinsights_sitenote_category":0,"footnotes":""},"class_list":["post-955","page","type-page","status-publish","hentry"],"acf":[],"_links":{"self":[{"href":"https:\/\/elprincipaldecorsega.com\/fr\/wp-json\/wp\/v2\/pages\/955","targetHints":{"allow":["GET"]}}],"collection":[{"href":"https:\/\/elprincipaldecorsega.com\/fr\/wp-json\/wp\/v2\/pages"}],"about":[{"href":"https:\/\/elprincipaldecorsega.com\/fr\/wp-json\/wp\/v2\/types\/page"}],"author":[{"embeddable":true,"href":"https:\/\/elprincipaldecorsega.com\/fr\/wp-json\/wp\/v2\/users\/1"}],"replies":[{"embeddable":true,"href":"https:\/\/elprincipaldecorsega.com\/fr\/wp-json\/wp\/v2\/comments?post=955"}],"version-history":[{"count":2,"href":"https:\/\/elprincipaldecorsega.com\/fr\/wp-json\/wp\/v2\/pages\/955\/revisions"}],"predecessor-version":[{"id":957,"href":"https:\/\/elprincipaldecorsega.com\/fr\/wp-json\/wp\/v2\/pages\/955\/revisions\/957"}],"wp:attachment":[{"href":"https:\/\/elprincipaldecorsega.com\/fr\/wp-json\/wp\/v2\/media?parent=955"}],"curies":[{"name":"wp","href":"https:\/\/api.w.org\/{rel}","templated":true}]}}