
{"id":929,"date":"2024-08-25T15:51:11","date_gmt":"2024-08-25T15:51:11","guid":{"rendered":"https:\/\/elprincipaldecorsega.com\/\/politique-de-confidentialite\/"},"modified":"2025-05-14T12:30:17","modified_gmt":"2025-05-14T12:30:17","slug":"politique-de-confidentialite","status":"publish","type":"page","link":"https:\/\/elprincipaldecorsega.com\/fr\/politique-de-confidentialite\/","title":{"rendered":"Politique de confidentialit\u00e9"},"content":{"rendered":"<div class=\"wpb-content-wrapper\">[vc_row][vc_column][vc_column_text css=\u00a0\u00bb\u00a0\u00bb]\n<h1>POLITIQUE DE CONFIDENTIALIT\u00c9 DU SITE WEB<\/h1>\n<h2>I. POLITIQUE DE CONFIDENTIALIT\u00c9 ET DE PROTECTION DES DONN\u00c9ES<\/h2>\nConform\u00e9ment aux dispositions de la l\u00e9gislation en vigueur, El Principal de C\u00f3rsega (ci-apr\u00e8s \u00e9galement Site Web) s&rsquo;engage \u00e0 adopter les mesures techniques et organisationnelles n\u00e9cessaires, en fonction du niveau de s\u00e9curit\u00e9 appropri\u00e9 au risque des donn\u00e9es collect\u00e9es.\n<h3>Lois qui int\u00e8grent cette politique de confidentialit\u00e9<\/h3>\nCette politique de confidentialit\u00e9 est adapt\u00e9e \u00e0 la r\u00e9glementation espagnole et europ\u00e9enne en vigueur concernant la protection des donn\u00e9es personnelles sur Internet. Concr\u00e8tement, il respecte les r\u00e8gles suivantes : \n\nR\u00e8glement (UE) 2016\/679 du Parlement europ\u00e9en et du Conseil du 27 avril 2016 relatif \u00e0 la protection des personnes physiques \u00e0 l&rsquo;\u00e9gard du traitement des donn\u00e9es \u00e0 caract\u00e8re personnel et \u00e0 la libre circulation de ces donn\u00e9es (RGPD).\nLoi organique 3\/2018, du 5 d\u00e9cembre, sur la protection des donn\u00e9es personnelles et la garantie des droits num\u00e9riques (LOPD-GDD).\nD\u00e9cret royal 1720\/2007, du 21 d\u00e9cembre, qui approuve le r\u00e8glement d&rsquo;application de la loi organique 15\/1999, du 13 d\u00e9cembre, sur la protection des donn\u00e9es personnelles (RDLOPD).\nLoi 34\/2002, du 11 juillet, sur les services de la soci\u00e9t\u00e9 de l&rsquo;information et du commerce \u00e9lectronique (LSSI-CE).\nIdentit\u00e9 du responsable du traitement des donn\u00e9es personnelles\n Le responsable du traitement des donn\u00e9es personnelles collect\u00e9es chez El Principal de C\u00f2rsega est : El Principal de C\u00f2rsega SL, avec NIF : B75354548 (ci-apr\u00e8s, Responsable du traitement). Vos coordonn\u00e9es sont les suivantes : \n\nAdresse : Carrer C\u00f2rsega 267, pral. 2B 08008 Barcelone \n\nT\u00e9l\u00e9phone de contact : +34 607 27 59 35\n\nCourriel de contact : svillegas@elprincipaldecorsega.com\n<h3>Enregistrement des donn\u00e9es personnelles<\/h3>\nConform\u00e9ment aux dispositions du RGPD et de la LOPD-GDD, nous vous informons que les donn\u00e9es personnelles demand\u00e9es par le Principal de Corse, \u00e0 travers les formulaires \u00e9tendus sur vos pages, seront incorpor\u00e9es et trait\u00e9es dans notre fichier afin de faciliter, acc\u00e9l\u00e9rer et remplir les engagements \u00e9tablis entre Le Principal de Corse et l&rsquo;Utilisateur ou le maintien de la relation \u00e9tablie dans les formulaires que ce dernier remplit, ou pour r\u00e9pondre \u00e0 une demande ou une consultation. De m\u00eame, conform\u00e9ment aux dispositions du RGPD et de la LOPD-GDD, sauf si l&rsquo;exception pr\u00e9vue \u00e0 l&rsquo;article 30.5 du RGPD est applicable, un registre des activit\u00e9s de traitement est conserv\u00e9 qui pr\u00e9cise, en fonction de leurs finalit\u00e9s, les activit\u00e9s de traitement effectu\u00e9es et les autres circonstances \u00e9tablies dans le RGPD. \n<h3>Principes applicables au traitement des donn\u00e9es personnelles<\/h3>\nLe traitement des donn\u00e9es personnelles de l&rsquo;Utilisateur sera soumis aux principes suivants \u00e9nonc\u00e9s \u00e0 l&rsquo;article 5 du RGPD et \u00e0 l&rsquo;article 4 et suivants de la loi organique 3\/2018, du 5 d\u00e9cembre, sur la protection des donn\u00e9es personnelles et la garantie des droits num\u00e9riques :\n<ul>\n \t<li>Principe de l\u00e9galit\u00e9, de loyaut\u00e9 et de transparence : le consentement de l&rsquo;Utilisateur sera requis \u00e0 tout moment, avec une information totalement transparente sur les finalit\u00e9s pour lesquelles les donn\u00e9es personnelles sont collect\u00e9es.<\/li>\n \t<li>Principe de limitation des finalit\u00e9s : les donn\u00e9es personnelles seront collect\u00e9es pour des finalit\u00e9s d\u00e9termin\u00e9es, explicites et l\u00e9gitimes.<\/li>\n \t<li>Principe de minimisation des donn\u00e9es : les donn\u00e9es personnelles collect\u00e9es ne seront que celles strictement n\u00e9cessaires au regard des finalit\u00e9s pour lesquelles elles sont trait\u00e9es.<\/li>\n \t<li>Principe d\u2019exactitude : les donn\u00e9es personnelles doivent \u00eatre exactes et toujours \u00e0 jour.<\/li>\n \t<li>Principe de limitation de la dur\u00e9e de conservation : les donn\u00e9es personnelles ne seront conserv\u00e9es de mani\u00e8re \u00e0 permettre l\u2019identification de l\u2019Utilisateur que pendant la dur\u00e9e n\u00e9cessaire aux finalit\u00e9s du traitement.<\/li>\n \t<li>Principe d\u2019int\u00e9grit\u00e9 et de confidentialit\u00e9 : les donn\u00e9es personnelles seront trait\u00e9es de mani\u00e8re \u00e0 garantir leur s\u00e9curit\u00e9 et leur confidentialit\u00e9.<\/li>\n \t<li>Principe de responsabilit\u00e9 proactive : le responsable du traitement sera responsable de veiller \u00e0 ce que les principes ci-dessus soient respect\u00e9s.<\/li>\n<\/ul>\n<h3>Cat\u00e9gories de donn\u00e9es personnelles<\/h3>\nLes cat\u00e9gories de donn\u00e9es trait\u00e9es par El Principal de C\u00f3rsega sont uniquement des donn\u00e9es d&rsquo;identification. En aucun cas, des cat\u00e9gories particuli\u00e8res de donn\u00e9es personnelles ne sont trait\u00e9es au sens de l\u2019article 9 du RGPD. \n<h3>Base juridique du traitement des donn\u00e9es personnelles<\/h3>\nLa base juridique du traitement des donn\u00e9es personnelles est le consentement. Le Principal de Corse s&rsquo;engage \u00e0 demander le consentement expr\u00e8s et v\u00e9rifiable de l&rsquo;Utilisateur pour le traitement de ses donn\u00e9es personnelles pour une ou plusieurs finalit\u00e9s sp\u00e9cifiques. \n\nL&rsquo;Utilisateur aura le droit de retirer son consentement \u00e0 tout moment. Il sera aussi facile de retirer son consentement que de le donner. En r\u00e8gle g\u00e9n\u00e9rale, le retrait du consentement ne conditionnera pas l\u2019utilisation du Site.  \n\nDans les cas o\u00f9 l&rsquo;Utilisateur a ou peut fournir ses donn\u00e9es via des formulaires pour effectuer des demandes de renseignements, demander des informations ou pour des raisons li\u00e9es au contenu du Site Web, il sera inform\u00e9 si le remplissage de l&rsquo;un d&rsquo;entre eux est obligatoire car ils sont indispensables au bon d\u00e9roulement de l&rsquo;op\u00e9ration effectu\u00e9e.\n<h3>Finalit\u00e9s du traitement auquel les donn\u00e9es personnelles sont destin\u00e9es<\/h3>\nLes donn\u00e9es personnelles sont collect\u00e9es et g\u00e9r\u00e9es par le Principal de Corse afin de faciliter, d&rsquo;acc\u00e9l\u00e9rer et de remplir les engagements \u00e9tablis entre le Site et l&rsquo;Utilisateur ou de maintenir la relation \u00e9tablie dans les formulaires que ce dernier remplit ou de r\u00e9pondre \u00e0 une demande ou une requ\u00eate.\n\nDe m\u00eame, les donn\u00e9es pourront \u00eatre utilis\u00e9es \u00e0 des fins commerciales de personnalisation, d&rsquo;op\u00e9rations et de statistiques, et d&rsquo;activit\u00e9s sp\u00e9cifiques \u00e0 l&rsquo;objet social de Principal de C\u00f3rsega, ainsi que pour l&rsquo;extraction, le stockage de donn\u00e9es et les \u00e9tudes de marketing pour adapter le contenu propos\u00e9 \u00e0 l&rsquo;utilisateur, ainsi que pour am\u00e9liorer la qualit\u00e9, le fonctionnement et la navigation du site Web.\n\nAu moment de l&rsquo;obtention des donn\u00e9es personnelles, l&rsquo;Utilisateur sera inform\u00e9 de la ou des finalit\u00e9s sp\u00e9cifiques du traitement pour lesquelles les donn\u00e9es personnelles seront utilis\u00e9es ; c&rsquo;est-\u00e0-dire l&rsquo;usage ou les usages qui seront donn\u00e9s aux informations collect\u00e9es.\n<h3>Dur\u00e9es de conservation des donn\u00e9es personnelles<\/h3>\nLes donn\u00e9es personnelles ne seront conserv\u00e9es que pendant la dur\u00e9e minimale n\u00e9cessaire aux finalit\u00e9s de leur traitement et, en tout \u00e9tat de cause, uniquement pendant la p\u00e9riode suivante : , ou jusqu&rsquo;\u00e0 ce que l&rsquo;Utilisateur en demande la suppression.\n\nAu moment de l&rsquo;obtention des donn\u00e9es personnelles, l&rsquo;utilisateur sera inform\u00e9 de la p\u00e9riode pendant laquelle les donn\u00e9es personnelles seront conserv\u00e9es ou, lorsque cela n&rsquo;est pas possible, des crit\u00e8res utilis\u00e9s pour d\u00e9terminer cette p\u00e9riode.\n<h3>Destinataires des donn\u00e9es personnelles<\/h3>\nLes donn\u00e9es personnelles de l&rsquo;Utilisateur seront partag\u00e9es avec les destinataires ou cat\u00e9gories de destinataires suivants :\n\nDans le cas o\u00f9 le Responsable du traitement a l&rsquo;intention de transf\u00e9rer des donn\u00e9es personnelles vers un pays tiers ou une organisation internationale, au moment de l&rsquo;obtention des donn\u00e9es personnelles, l&rsquo;Utilisateur sera inform\u00e9 du pays tiers ou de l&rsquo;organisation internationale vers laquelle les donn\u00e9es sont destin\u00e9es \u00e0 \u00eatre transf\u00e9r\u00e9es, ainsi que de l&rsquo;existence ou de l&rsquo;absence d&rsquo;une d\u00e9cision d&rsquo;ad\u00e9quation de la Commission.\n<h3>Donn\u00e9es personnelles des mineurs<\/h3>\nConform\u00e9ment aux dispositions des articles 8 du RGPD et 7 de la Loi Organique 3\/2018, du 5 d\u00e9cembre, relative \u00e0 la Protection des Donn\u00e9es Personnelles et \u00e0 la Garantie des Droits Num\u00e9riques, seules les personnes \u00e2g\u00e9es de plus de 14 ans peuvent donner leur consentement au traitement licite de leurs donn\u00e9es personnelles par le Principal de Corse. Si la personne a moins de 14 ans, le consentement des parents ou tuteurs sera requis pour le traitement, et celui-ci ne sera consid\u00e9r\u00e9 comme licite que dans la mesure o\u00f9 ils l&rsquo;ont autoris\u00e9. \n<h3>Confidentialit\u00e9 et s\u00e9curit\u00e9 des donn\u00e9es personnelles<\/h3>\nLe Principal de Corse s&rsquo;engage \u00e0 adopter les mesures techniques et organisationnelles n\u00e9cessaires, selon le niveau de s\u00e9curit\u00e9 appropri\u00e9 au risque des donn\u00e9es collect\u00e9es, afin de garantir la s\u00e9curit\u00e9 des donn\u00e9es personnelles et d&#8217;emp\u00eacher la destruction, la perte ou l&rsquo;alt\u00e9ration accidentelle ou illicite des donn\u00e9es personnelles transmises, conserv\u00e9es ou trait\u00e9es d&rsquo;une autre mani\u00e8re, ou la communication ou l&rsquo;acc\u00e8s non autoris\u00e9 \u00e0 ces donn\u00e9es.\n\nLe Site dispose d&rsquo;un certificat SSL (Secure Socket Layer), qui garantit que les donn\u00e9es personnelles sont transmises de mani\u00e8re s\u00e9curis\u00e9e et confidentielle, car la transmission des donn\u00e9es entre le serveur et l&rsquo;Utilisateur, et en retour, est enti\u00e8rement crypt\u00e9e.\n\nToutefois, \u00e9tant donn\u00e9 qu&rsquo;El Principal de C\u00f3rsega ne peut garantir l&rsquo;impr\u00e9gnabilit\u00e9 d&rsquo;Internet ni l&rsquo;absence totale de pirates informatiques ou d&rsquo;autres personnes acc\u00e9dant frauduleusement aux donn\u00e9es personnelles, le Responsable du traitement s&rsquo;engage \u00e0 informer l&rsquo;Utilisateur sans retard injustifi\u00e9 lorsqu&rsquo;une violation de la s\u00e9curit\u00e9 des donn\u00e9es personnelles se produit, susceptible d&rsquo;entra\u00eener un risque \u00e9lev\u00e9 pour les droits et libert\u00e9s des personnes physiques. Conform\u00e9ment aux dispositions de l\u2019article 4 du RGPD, on entend par violation de la s\u00e9curit\u00e9 des donn\u00e9es personnelles toute violation de la s\u00e9curit\u00e9 qui entra\u00eene la destruction, la perte ou l\u2019alt\u00e9ration accidentelle ou illicite de donn\u00e9es personnelles transmises, conserv\u00e9es ou trait\u00e9es d\u2019une autre mani\u00e8re, ou la communication ou l\u2019acc\u00e8s non autoris\u00e9 \u00e0 ces donn\u00e9es. \n\nLes donn\u00e9es personnelles seront trait\u00e9es de mani\u00e8re confidentielle par le Responsable du traitement, qui s&rsquo;engage \u00e0 informer et \u00e0 garantir par une obligation l\u00e9gale ou contractuelle que cette confidentialit\u00e9 est respect\u00e9e par ses employ\u00e9s, collaborateurs et toute personne \u00e0 laquelle il rend les informations accessibles.\n<h3>Droits d\u00e9coulant du traitement des donn\u00e9es personnelles<\/h3>\nL&rsquo;Utilisateur dispose sur El Principal de C\u00f3rsega et peut donc exercer aupr\u00e8s du Responsable du traitement les droits suivants reconnus dans le RGPD et la loi organique 3\/2018, du 5 d\u00e9cembre, sur la protection des donn\u00e9es personnelles et la garantie des droits num\u00e9riques :\n<ul>\n \t<li>Droit d&rsquo;acc\u00e8s : L&rsquo;Utilisateur a le droit d&rsquo;obtenir la confirmation si El Principal de C\u00f3rsega traite ou non ses donn\u00e9es personnelles et, le cas \u00e9ch\u00e9ant, d&rsquo;obtenir des informations sur ses donn\u00e9es personnelles sp\u00e9cifiques et sur le traitement qu&rsquo;El Principal de C\u00f3rsega a effectu\u00e9 ou effectue, ainsi que, entre autres, les informations disponibles sur l&rsquo;origine de ces donn\u00e9es et les destinataires des communications effectu\u00e9es ou pr\u00e9vues.<\/li>\n \t<li>Droit de rectification : L&rsquo;Utilisateur a le droit d&rsquo;obtenir la modification de ses donn\u00e9es personnelles si elles s&rsquo;av\u00e8rent inexactes ou, compte tenu des finalit\u00e9s du traitement, incompl\u00e8tes.<\/li>\n \t<li>Droit \u00e0 l&rsquo;effacement (\u00ab droit \u00e0 l&rsquo;oubli \u00bb) : C&rsquo;est le droit de l&rsquo;Utilisateur, sauf disposition contraire de la l\u00e9gislation en vigueur, d&rsquo;obtenir la suppression des donn\u00e9es personnelles lorsqu&rsquo;elles ne sont plus n\u00e9cessaires aux finalit\u00e9s pour lesquelles elles ont \u00e9t\u00e9 collect\u00e9es ou trait\u00e9es ; l&rsquo;Utilisateur a retir\u00e9 son consentement au traitement et celui-ci ne dispose pas d&rsquo;une autre base juridique ; l&rsquo;Utilisateur s&rsquo;oppose au traitement et il n&rsquo;existe aucune autre raison l\u00e9gitime de le poursuivre ; les donn\u00e9es personnelles ont \u00e9t\u00e9 trait\u00e9es ill\u00e9galement ; les donn\u00e9es personnelles doivent \u00eatre supprim\u00e9es conform\u00e9ment \u00e0 une obligation l\u00e9gale ; ou les donn\u00e9es personnelles ont \u00e9t\u00e9 obtenues \u00e0 la suite d&rsquo;une offre directe de services de la soci\u00e9t\u00e9 de l&rsquo;information \u00e0 un mineur de moins de 14 ans. Outre la suppression des donn\u00e9es, le Responsable du traitement, compte tenu de la technologie disponible et du co\u00fbt de sa mise en \u0153uvre, doit prendre des mesures raisonnables pour informer les responsables du traitement des donn\u00e9es personnelles de la demande de la personne concern\u00e9e de supprimer tout lien vers ces donn\u00e9es personnelles. <\/li>\n \t<li>Droit \u00e0 la limitation du traitement : L\u2019Utilisateur a le droit de limiter le traitement de ses donn\u00e9es personnelles. L&rsquo;Utilisateur a le droit d&rsquo;obtenir la limitation du traitement lorsqu&rsquo;il conteste l&rsquo;exactitude des donn\u00e9es personnelles ; le traitement est illicite ; le Responsable du traitement n\u2019a plus besoin des donn\u00e9es personnelles, mais l\u2019utilisateur en a besoin pour formuler des r\u00e9clamations ; et lorsque l\u2019utilisateur s\u2019est oppos\u00e9 au traitement. <\/li>\n \t<li>Droit \u00e0 la portabilit\u00e9 des donn\u00e9es : Dans le cas o\u00f9 le traitement est effectu\u00e9 par des moyens automatis\u00e9s, l&rsquo;Utilisateur aura le droit de recevoir les donn\u00e9es personnelles du Responsable du traitement dans un format structur\u00e9, couramment utilis\u00e9 et lisible par machine, et de les transmettre \u00e0 un autre Responsable du traitement. Dans la mesure o\u00f9 cela est techniquement possible, le responsable du traitement transmettra les donn\u00e9es directement \u00e0 cet autre responsable du traitement. <\/li>\n \t<li>Droit d&rsquo;opposition : L&rsquo;Utilisateur a le droit de s&rsquo;opposer au traitement de ses donn\u00e9es personnelles ou de faire cesser leur traitement par le Principal de Corse.<\/li>\n \t<li>Droit de ne pas faire l&rsquo;objet d&rsquo;une d\u00e9cision fond\u00e9e uniquement sur un traitement automatis\u00e9, y compris le profilage : L&rsquo;Utilisateur a le droit de ne pas faire l&rsquo;objet d&rsquo;une d\u00e9cision individualis\u00e9e fond\u00e9e uniquement sur un traitement automatis\u00e9 de ses donn\u00e9es personnelles, y compris le profilage, sauf si la l\u00e9gislation en vigueur en dispose autrement.<\/li>\n<\/ul>\nPar cons\u00e9quent, l&rsquo;Utilisateur peut exercer ses droits au moyen d&rsquo;une communication \u00e9crite adress\u00e9e au Responsable du traitement avec la r\u00e9f\u00e9rence \u00ab RGPD-https:\/\/elprincipaldecorsega.com\/\/ \u00bb, en pr\u00e9cisant :\n<ul>\n \t<li>Nom, pr\u00e9nom de l&rsquo;utilisateur et copie du DNI. Dans les cas o\u00f9 la repr\u00e9sentation est accept\u00e9e, l&rsquo;identification par le m\u00eame moyen de la personne repr\u00e9sentant l&rsquo;Utilisateur sera \u00e9galement n\u00e9cessaire, ainsi que le document prouvant la repr\u00e9sentation. La photocopie du DNI peut \u00eatre remplac\u00e9e par tout autre moyen l\u00e9galement valable prouvant l&rsquo;identit\u00e9.  <\/li>\n \t<li>Demande avec les raisons sp\u00e9cifiques de la demande ou les informations auxquelles vous souhaitez acc\u00e9der.<\/li>\n \t<li>Adresse \u00e0 des fins de notification.<\/li>\n \t<li>Date et signature du demandeur.<\/li>\n \t<li>Tout document qui prouve la demande que vous faites.<\/li>\n<\/ul>\nCette demande et tout autre document joint peuvent \u00eatre envoy\u00e9s \u00e0 l&rsquo;adresse et\/ou au courriel suivant :\n Adresse postale : Carrer C\u00f2rsega 267, pral. 2B 08008 Barcelone \n\nCourriel : svillegas@elprincipaldecorsega.com\n<h3>Liens vers des sites Web tiers<\/h3>\nLe Site peut inclure des hyperliens ou des liens permettant d&rsquo;acc\u00e9der \u00e0 des pages web tierces autres que Principal de Corsica, et qui ne sont donc pas exploit\u00e9es par Principal de Corsica. Les propri\u00e9taires de ces sites Web auront leurs propres politiques de protection des donn\u00e9es et seront eux-m\u00eames, dans chaque cas, responsables de leurs propres fichiers et pratiques de confidentialit\u00e9. \n<h3>R\u00e9clamations aupr\u00e8s de l&rsquo;autorit\u00e9 de contr\u00f4le<\/h3>\nDans le cas o\u00f9 l&rsquo;Utilisateur consid\u00e8re qu&rsquo;il existe un probl\u00e8me ou une violation de la r\u00e9glementation en vigueur dans la mani\u00e8re dont les donn\u00e9es personnelles sont trait\u00e9es, il aura le droit de b\u00e9n\u00e9ficier d&rsquo;une protection juridictionnelle effective et de d\u00e9poser une r\u00e9clamation aupr\u00e8s d&rsquo;une autorit\u00e9 de contr\u00f4le, notamment dans l&rsquo;\u00c9tat o\u00f9 il a sa r\u00e9sidence habituelle, son lieu de travail ou le lieu de la violation pr\u00e9sum\u00e9e. Dans le cas de l&rsquo;Espagne, l&rsquo;autorit\u00e9 de contr\u00f4le est l&rsquo;Agence espagnole de protection des donn\u00e9es (https:\/\/www.aepd.es\/). \n<h2>II. ACCEPTATION ET MODIFICATIONS DE CETTE POLITIQUE DE CONFIDENTIALIT\u00c9 <\/h2>\nIl est n\u00e9cessaire que l&rsquo;Utilisateur ait lu et accept\u00e9 les conditions de protection des donn\u00e9es personnelles contenues dans la pr\u00e9sente Politique de Confidentialit\u00e9, ainsi qu&rsquo;il accepte le traitement de ses donn\u00e9es personnelles afin que le Responsable du Traitement puisse proc\u00e9der de la mani\u00e8re, pendant les p\u00e9riodes et aux fins indiqu\u00e9es. L&rsquo;utilisation du site Web impliquera l&rsquo;acceptation de sa politique de confidentialit\u00e9. \n\nLe Principal de Corse se r\u00e9serve le droit de modifier sa Politique de Confidentialit\u00e9, conform\u00e9ment \u00e0 ses propres crit\u00e8res, ou motiv\u00e9e par un changement l\u00e9gislatif, jurisprudentiel ou doctrinal de l&rsquo;Agence Espagnole de Protection des Donn\u00e9es. Les modifications ou mises \u00e0 jour de cette politique de confidentialit\u00e9 ne seront pas explicitement notifi\u00e9es \u00e0 l&rsquo;utilisateur. Il est recommand\u00e9 \u00e0 l&rsquo;Utilisateur de consulter p\u00e9riodiquement cette page pour \u00eatre au courant des derni\u00e8res modifications ou mises \u00e0 jour.  \n\nCette politique de confidentialit\u00e9 a \u00e9t\u00e9 mise \u00e0 jour pour s&rsquo;adapter au r\u00e8glement (UE) 2016\/679 du Parlement europ\u00e9en et du Conseil, du 27 avril 2016, relatif \u00e0 la protection des personnes physiques \u00e0 l&rsquo;\u00e9gard du traitement des donn\u00e9es \u00e0 caract\u00e8re personnel et \u00e0 la libre circulation de ces donn\u00e9es (RGPD) et \u00e0 la loi organique 3\/2018, du 5 d\u00e9cembre, sur la protection des donn\u00e9es personnelles et la garantie des droits num\u00e9riques.\n\nCe document de politique de confidentialit\u00e9 de site Web a \u00e9t\u00e9 cr\u00e9\u00e9 \u00e0 l&rsquo;aide du g\u00e9n\u00e9rateur de mod\u00e8les de politique de confidentialit\u00e9 de site Web en ligne gratuit le 25\/08\/2024.[\/vc_column_text][\/vc_column][\/vc_row]<\/div>","protected":false},"excerpt":{"rendered":"[vc_row][vc_column][vc_column_text css=\u00a0\u00bb\u00a0\u00bb] POLITIQUE DE CONFIDENTIALIT\u00c9 DU SITE WEB I. POLITIQUE DE CONFIDENTIALIT\u00c9 ET DE PROTECTION DES DONN\u00c9ES Conform\u00e9ment aux dispositions de la l\u00e9gislation en vigueur, El Principal de C\u00f3rsega (ci-apr\u00e8s \u00e9galement Site Web) s&rsquo;engage \u00e0 adopter les mesures techniques et organisationnelles n\u00e9cessaires, en fonction du niveau de s\u00e9curit\u00e9 appropri\u00e9 au risque des donn\u00e9es collect\u00e9es. Lois&hellip;","protected":false},"author":1,"featured_media":0,"parent":0,"menu_order":0,"comment_status":"closed","ping_status":"closed","template":"","meta":{"_acf_changed":false,"_monsterinsights_skip_tracking":false,"_monsterinsights_sitenote_active":false,"_monsterinsights_sitenote_note":"","_monsterinsights_sitenote_category":0,"footnotes":""},"class_list":["post-929","page","type-page","status-publish","hentry"],"acf":[],"_links":{"self":[{"href":"https:\/\/elprincipaldecorsega.com\/fr\/wp-json\/wp\/v2\/pages\/929","targetHints":{"allow":["GET"]}}],"collection":[{"href":"https:\/\/elprincipaldecorsega.com\/fr\/wp-json\/wp\/v2\/pages"}],"about":[{"href":"https:\/\/elprincipaldecorsega.com\/fr\/wp-json\/wp\/v2\/types\/page"}],"author":[{"embeddable":true,"href":"https:\/\/elprincipaldecorsega.com\/fr\/wp-json\/wp\/v2\/users\/1"}],"replies":[{"embeddable":true,"href":"https:\/\/elprincipaldecorsega.com\/fr\/wp-json\/wp\/v2\/comments?post=929"}],"version-history":[{"count":2,"href":"https:\/\/elprincipaldecorsega.com\/fr\/wp-json\/wp\/v2\/pages\/929\/revisions"}],"predecessor-version":[{"id":931,"href":"https:\/\/elprincipaldecorsega.com\/fr\/wp-json\/wp\/v2\/pages\/929\/revisions\/931"}],"wp:attachment":[{"href":"https:\/\/elprincipaldecorsega.com\/fr\/wp-json\/wp\/v2\/media?parent=929"}],"curies":[{"name":"wp","href":"https:\/\/api.w.org\/{rel}","templated":true}]}}