
{"id":914,"date":"2024-08-14T20:07:34","date_gmt":"2024-08-14T20:07:34","guid":{"rendered":"https:\/\/elprincipaldecorsega.com\/\/home\/"},"modified":"2025-05-14T12:04:27","modified_gmt":"2025-05-14T12:04:27","slug":"home","status":"publish","type":"page","link":"https:\/\/elprincipaldecorsega.com\/fr\/","title":{"rendered":"Home"},"content":{"rendered":"<div class=\"wpb-content-wrapper\">[vc_row css=\u00a0\u00bb.vc_custom_1724517336460{margin-top: 32px !important;}\u00a0\u00bb][vc_column]\t<div id=\"thb-image-slider-17\" class=\"thb-image-slider slick row  \" data-pagination=\"\" data-navigation=\"\" data-center=\"true\" data-columns=\"1\" data-infinite=\"true\" data-autoplay=\"1\" data-autoplay-speed=\"4000\">\n\t\t\t\t\t\t<figure class=\"columns\">\n\t\t\t\t\t\t\t\t<img loading=\"lazy\" decoding=\"async\" width=\"2560\" height=\"1707\" src=\"https:\/\/elprincipaldecorsega.com\/wp-content\/uploads\/2024\/09\/home-cmpr-scaled.jpg\" class=\"attachment-$size_class size-$size_class thb-ignore-lazyload\" alt=\"\" srcset=\"https:\/\/elprincipaldecorsega.com\/wp-content\/uploads\/2024\/09\/home-cmpr-scaled.jpg 2560w, https:\/\/elprincipaldecorsega.com\/wp-content\/uploads\/2024\/09\/home-cmpr-300x200.jpg 300w, https:\/\/elprincipaldecorsega.com\/wp-content\/uploads\/2024\/09\/home-cmpr-1024x683.jpg 1024w, https:\/\/elprincipaldecorsega.com\/wp-content\/uploads\/2024\/09\/home-cmpr-768x512.jpg 768w\" sizes=\"auto, (max-width: 2560px) 100vw, 2560px\" \/>\t\t\t\t\t\t\t\t\t<\/figure>\n\t\t\t\t\t\t\t\t<figure class=\"columns\">\n\t\t\t\t\t\t\t\t<img loading=\"lazy\" decoding=\"async\" width=\"2560\" height=\"1707\" src=\"https:\/\/elprincipaldecorsega.com\/wp-content\/uploads\/2024\/09\/home2-cmpr-scaled.jpg\" class=\"attachment-$size_class size-$size_class thb-ignore-lazyload\" alt=\"\" srcset=\"https:\/\/elprincipaldecorsega.com\/wp-content\/uploads\/2024\/09\/home2-cmpr-scaled.jpg 2560w, https:\/\/elprincipaldecorsega.com\/wp-content\/uploads\/2024\/09\/home2-cmpr-300x200.jpg 300w, https:\/\/elprincipaldecorsega.com\/wp-content\/uploads\/2024\/09\/home2-cmpr-1024x683.jpg 1024w, https:\/\/elprincipaldecorsega.com\/wp-content\/uploads\/2024\/09\/home2-cmpr-768x512.jpg 768w, https:\/\/elprincipaldecorsega.com\/wp-content\/uploads\/2024\/09\/home2-cmpr-1536x1024.jpg 1536w, https:\/\/elprincipaldecorsega.com\/wp-content\/uploads\/2024\/09\/home2-cmpr-2048x1365.jpg 2048w, https:\/\/elprincipaldecorsega.com\/wp-content\/uploads\/2024\/09\/home2-cmpr-150x100.jpg 150w, https:\/\/elprincipaldecorsega.com\/wp-content\/uploads\/2024\/09\/home2-cmpr-600x400.jpg 600w, https:\/\/elprincipaldecorsega.com\/wp-content\/uploads\/2024\/09\/home2-cmpr-900x600.jpg 900w, https:\/\/elprincipaldecorsega.com\/wp-content\/uploads\/2024\/09\/home2-cmpr-20x13.jpg 20w\" sizes=\"auto, (max-width: 2560px) 100vw, 2560px\" \/>\t\t\t\t\t\t\t\t\t<\/figure>\n\t\t\t\t\t\t\t\t<figure class=\"columns\">\n\t\t\t\t\t\t\t\t<img loading=\"lazy\" decoding=\"async\" width=\"2560\" height=\"1707\" src=\"https:\/\/elprincipaldecorsega.com\/wp-content\/uploads\/2024\/09\/home3-cmpr-scaled.jpg\" class=\"attachment-$size_class size-$size_class thb-ignore-lazyload\" alt=\"\" srcset=\"https:\/\/elprincipaldecorsega.com\/wp-content\/uploads\/2024\/09\/home3-cmpr-scaled.jpg 2560w, https:\/\/elprincipaldecorsega.com\/wp-content\/uploads\/2024\/09\/home3-cmpr-300x200.jpg 300w, https:\/\/elprincipaldecorsega.com\/wp-content\/uploads\/2024\/09\/home3-cmpr-1024x683.jpg 1024w, https:\/\/elprincipaldecorsega.com\/wp-content\/uploads\/2024\/09\/home3-cmpr-768x512.jpg 768w, https:\/\/elprincipaldecorsega.com\/wp-content\/uploads\/2024\/09\/home3-cmpr-1536x1024.jpg 1536w, https:\/\/elprincipaldecorsega.com\/wp-content\/uploads\/2024\/09\/home3-cmpr-2048x1365.jpg 2048w, https:\/\/elprincipaldecorsega.com\/wp-content\/uploads\/2024\/09\/home3-cmpr-150x100.jpg 150w, https:\/\/elprincipaldecorsega.com\/wp-content\/uploads\/2024\/09\/home3-cmpr-600x400.jpg 600w, https:\/\/elprincipaldecorsega.com\/wp-content\/uploads\/2024\/09\/home3-cmpr-900x600.jpg 900w, https:\/\/elprincipaldecorsega.com\/wp-content\/uploads\/2024\/09\/home3-cmpr-20x13.jpg 20w\" sizes=\"auto, (max-width: 2560px) 100vw, 2560px\" \/>\t\t\t\t\t\t\t\t\t<\/figure>\n\t\t\t\t\t\t\t\t<figure class=\"columns\">\n\t\t\t\t\t\t\t\t<img loading=\"lazy\" decoding=\"async\" width=\"2560\" height=\"1707\" src=\"https:\/\/elprincipaldecorsega.com\/wp-content\/uploads\/2024\/09\/home1-cmpr-scaled.jpg\" class=\"attachment-$size_class size-$size_class thb-ignore-lazyload\" alt=\"\" srcset=\"https:\/\/elprincipaldecorsega.com\/wp-content\/uploads\/2024\/09\/home1-cmpr-scaled.jpg 2560w, https:\/\/elprincipaldecorsega.com\/wp-content\/uploads\/2024\/09\/home1-cmpr-300x200.jpg 300w, https:\/\/elprincipaldecorsega.com\/wp-content\/uploads\/2024\/09\/home1-cmpr-1024x683.jpg 1024w, https:\/\/elprincipaldecorsega.com\/wp-content\/uploads\/2024\/09\/home1-cmpr-768x512.jpg 768w, https:\/\/elprincipaldecorsega.com\/wp-content\/uploads\/2024\/09\/home1-cmpr-1536x1024.jpg 1536w, https:\/\/elprincipaldecorsega.com\/wp-content\/uploads\/2024\/09\/home1-cmpr-2048x1365.jpg 2048w, https:\/\/elprincipaldecorsega.com\/wp-content\/uploads\/2024\/09\/home1-cmpr-150x100.jpg 150w, https:\/\/elprincipaldecorsega.com\/wp-content\/uploads\/2024\/09\/home1-cmpr-600x400.jpg 600w, https:\/\/elprincipaldecorsega.com\/wp-content\/uploads\/2024\/09\/home1-cmpr-900x600.jpg 900w, https:\/\/elprincipaldecorsega.com\/wp-content\/uploads\/2024\/09\/home1-cmpr-20x13.jpg 20w\" sizes=\"auto, (max-width: 2560px) 100vw, 2560px\" \/>\t\t\t\t\t\t\t\t\t<\/figure>\n\t\t\t\t\t<\/div>\n\t[\/vc_column][\/vc_row][vc_row css=\u00a0\u00bb.vc_custom_1723713132925{margin-top: 32px !important;}\u00a0\u00bb][vc_column][vc_column_text css=\u00a0\u00bb\u00a0\u00bb]\r\n<h1>El Principal de C\u00f2rsega est un projet personnel qui revendique un retour au contact direct avec l&rsquo;Art et les artistes.<\/h1>\r\n[\/vc_column_text][vc_column_text css=\u00a0\u00bb\u00a0\u00bb]Inspir\u00e9 par les appartements-galeries existants \u00e0 Paris dans les ann\u00e9es 60 et 70, o\u00f9 se tenaient des rencontres de diff\u00e9rents types et publics, El Principal de C\u00f2rsega propose une mani\u00e8re d\u2019approcher la cr\u00e9ation contemporaine et le collectionnisme qui revendique la proximit\u00e9 entre les artistes, leurs \u0153uvres et toutes celles et ceux qui souhaitent les d\u00e9couvrir dans l\u2019environnement priv\u00e9, voire \u201csecret,\u201d d\u2019un domicile particulier. Pour cette raison, l\u2019acc\u00e8s se fait uniquement sur invitation ou sur rendez-vous pr\u00e9alable. \n\nLa programmation d&rsquo;El Principal de C\u00f2rsega se concentre principalement \u2014 bien que non exclusivement \u2014 sur les artistes seniors, avec une longue et solide carri\u00e8re. En plus des expositions, tant individuelles que collectives, l\u2019espace accueille des rencontres, des d\u00e9bats, des conf\u00e9rences, des pr\u00e9sentations et d\u2019autres activit\u00e9s qui g\u00e9n\u00e8rent des connexions entre les artistes, les collectionneurs et les personnes int\u00e9ress\u00e9es ou simplement attir\u00e9es par la culture en g\u00e9n\u00e9ral. \n\nEn d\u00e9finitive, El Principal de C\u00f2rsega est un cercle d&rsquo;amis qui partagent la conviction profonde que l&rsquo;Art est le meilleur compagnon de voyage de nos vies.[\/vc_column_text][\/vc_column][\/vc_row]<\/div>","protected":false},"excerpt":{"rendered":"[vc_row css=\u00a0\u00bb.vc_custom_1724517336460{margin-top: 32px !important;}\u00a0\u00bb][vc_column][\/vc_column][\/vc_row][vc_row css=\u00a0\u00bb.vc_custom_1723713132925{margin-top: 32px !important;}\u00a0\u00bb][vc_column][vc_column_text css=\u00a0\u00bb\u00a0\u00bb] El Principal de C\u00f2rsega est un projet personnel qui revendique un retour au contact direct avec l&rsquo;Art et les artistes. [\/vc_column_text][vc_column_text css=\u00a0\u00bb\u00a0\u00bb]Inspir\u00e9 par les appartements-galeries existants \u00e0 Paris dans les ann\u00e9es 60 et 70, o\u00f9 se tenaient des rencontres de diff\u00e9rents types et publics, El Principal de&hellip;","protected":false},"author":1,"featured_media":0,"parent":0,"menu_order":0,"comment_status":"closed","ping_status":"open","template":"","meta":{"_acf_changed":false,"_monsterinsights_skip_tracking":false,"_monsterinsights_sitenote_active":false,"_monsterinsights_sitenote_note":"","_monsterinsights_sitenote_category":0,"footnotes":""},"class_list":["post-914","page","type-page","status-publish","hentry"],"acf":[],"_links":{"self":[{"href":"https:\/\/elprincipaldecorsega.com\/fr\/wp-json\/wp\/v2\/pages\/914","targetHints":{"allow":["GET"]}}],"collection":[{"href":"https:\/\/elprincipaldecorsega.com\/fr\/wp-json\/wp\/v2\/pages"}],"about":[{"href":"https:\/\/elprincipaldecorsega.com\/fr\/wp-json\/wp\/v2\/types\/page"}],"author":[{"embeddable":true,"href":"https:\/\/elprincipaldecorsega.com\/fr\/wp-json\/wp\/v2\/users\/1"}],"replies":[{"embeddable":true,"href":"https:\/\/elprincipaldecorsega.com\/fr\/wp-json\/wp\/v2\/comments?post=914"}],"version-history":[{"count":2,"href":"https:\/\/elprincipaldecorsega.com\/fr\/wp-json\/wp\/v2\/pages\/914\/revisions"}],"predecessor-version":[{"id":921,"href":"https:\/\/elprincipaldecorsega.com\/fr\/wp-json\/wp\/v2\/pages\/914\/revisions\/921"}],"wp:attachment":[{"href":"https:\/\/elprincipaldecorsega.com\/fr\/wp-json\/wp\/v2\/media?parent=914"}],"curies":[{"name":"wp","href":"https:\/\/api.w.org\/{rel}","templated":true}]}}