
{"id":893,"date":"2024-08-15T11:16:26","date_gmt":"2024-08-15T11:16:26","guid":{"rendered":"https:\/\/elprincipaldecorsega.com\/\/el-principal\/"},"modified":"2025-05-14T11:56:39","modified_gmt":"2025-05-14T11:56:39","slug":"el-principal","status":"publish","type":"page","link":"https:\/\/elprincipaldecorsega.com\/fr\/el-principal\/","title":{"rendered":"El principal"},"content":{"rendered":"<div class=\"wpb-content-wrapper\">[vc_row][vc_column][vc_column_text]\r\n<h1>El principal<\/h1>\r\n[\/vc_column_text][\/vc_column][\/vc_row][vc_row][vc_column width=\u00a0\u00bb1\/3&Prime; el_class=\u00a0\u00bbbloques\u00a0\u00bb css=\u00a0\u00bb.vc_custom_1725892410124{margin-bottom: 32px !important;}\u00a0\u00bb][vc_column_text css=\u00a0\u00bb\u00a0\u00bb]\r\n<h2>Que<br>faisons-nous ?<\/h2>\r\n[\/vc_column_text][vc_column_text css=\u00a0\u00bb\u00a0\u00bb]La mission d&rsquo;El Principal de C\u00f2rsega est de cr\u00e9er un espace intime et unique qui relie directement les artistes \u00e0 ceux qui consid\u00e8rent l&rsquo;Art comme une partie essentielle de leur vie. Nous favorisons un environnement qui encourage la proximit\u00e9 et une compr\u00e9hension approfondie des \u0153uvres, facilitant les rencontres et les \u00e9changes qui enrichiront tant les cr\u00e9ateurs que les collectionneurs et les amoureux de la culture en g\u00e9n\u00e9ral.[\/vc_column_text]\t<div id=\"thb-image-69ef87efaafac\" class=\"caption-style1  alignleft   thb_image_link wp-caption \">\n\t  \t\t\t<div class=\"thb-image-inner size_100\">\n\t\t\t\t<img loading=\"lazy\" decoding=\"async\" width=\"2560\" height=\"2560\" src=\"https:\/\/elprincipaldecorsega.com\/wp-content\/uploads\/2024\/09\/elprincipal-cmpr-scaled.jpg\" class=\"thb_image   attachment-full\" alt=\"\" title=\"elprincipal-cmpr\" srcset=\"https:\/\/elprincipaldecorsega.com\/wp-content\/uploads\/2024\/09\/elprincipal-cmpr-scaled.jpg 2560w, https:\/\/elprincipaldecorsega.com\/wp-content\/uploads\/2024\/09\/elprincipal-cmpr-300x300.jpg 300w, https:\/\/elprincipaldecorsega.com\/wp-content\/uploads\/2024\/09\/elprincipal-cmpr-1024x1024.jpg 1024w, https:\/\/elprincipaldecorsega.com\/wp-content\/uploads\/2024\/09\/elprincipal-cmpr-150x150.jpg 150w, https:\/\/elprincipaldecorsega.com\/wp-content\/uploads\/2024\/09\/elprincipal-cmpr-768x768.jpg 768w, https:\/\/elprincipaldecorsega.com\/wp-content\/uploads\/2024\/09\/elprincipal-cmpr-1536x1536.jpg 1536w, https:\/\/elprincipaldecorsega.com\/wp-content\/uploads\/2024\/09\/elprincipal-cmpr-2048x2048.jpg 2048w, https:\/\/elprincipaldecorsega.com\/wp-content\/uploads\/2024\/09\/elprincipal-cmpr-600x600.jpg 600w, https:\/\/elprincipaldecorsega.com\/wp-content\/uploads\/2024\/09\/elprincipal-cmpr-900x900.jpg 900w, https:\/\/elprincipaldecorsega.com\/wp-content\/uploads\/2024\/09\/elprincipal-cmpr-20x20.jpg 20w\" sizes=\"auto, (max-width: 2560px) 100vw, 2560px\" \/>\t\t\t\t\t\t\t<\/div>\n\t\t\t\t\t\t\t\t\t<\/div>\n\t[\/vc_column][vc_column width=\u00a0\u00bb1\/3&Prime; el_class=\u00a0\u00bbbloques\u00a0\u00bb css=\u00a0\u00bb.vc_custom_1725892415243{margin-bottom: 32px !important;}\u00a0\u00bb][vc_column_text css=\u00a0\u00bb\u00a0\u00bb]\r\n<h2>Comment le faisons-nous ?<\/h2>\r\n[\/vc_column_text][vc_column_text css=\u00a0\u00bb\u00a0\u00bb]El Principal propose une gamme d&rsquo;activit\u00e9s, comprenant des visites personnalis\u00e9es, des discussions avec les artistes, des expositions individuelles et collectives, ainsi que des \u00e9v\u00e9nements priv\u00e9s pouvant \u00eatre organis\u00e9s dans cet espace unique.\nEn dehors d&rsquo;El Principal, nous \u00e9largissons notre influence gr\u00e2ce \u00e0 des conseils personnalis\u00e9s pour les collectionneurs et les institutions, des services de commissariat d&rsquo;exposition, ainsi que des visites guid\u00e9es dans d&rsquo;autres lieux culturels. Dans notre r\u00e9seau international, nous travaillons \u00e9galement selon la philosophie de rapprocher l&rsquo;Art de la vie des gens de mani\u00e8re significative.[\/vc_column_text]\t<div id=\"thb-image-69ef87efab49b\" class=\"caption-style1  alignleft   thb_image_link wp-caption \">\n\t  \t\t\t<div class=\"thb-image-inner size_100\">\n\t\t\t\t<img loading=\"lazy\" decoding=\"async\" width=\"2560\" height=\"2560\" src=\"https:\/\/elprincipaldecorsega.com\/wp-content\/uploads\/2024\/09\/elprincipal1-cmpr-scaled.jpg\" class=\"thb_image   attachment-full\" alt=\"\" title=\"elprincipal1-cmpr\" srcset=\"https:\/\/elprincipaldecorsega.com\/wp-content\/uploads\/2024\/09\/elprincipal1-cmpr-scaled.jpg 2560w, https:\/\/elprincipaldecorsega.com\/wp-content\/uploads\/2024\/09\/elprincipal1-cmpr-300x300.jpg 300w, https:\/\/elprincipaldecorsega.com\/wp-content\/uploads\/2024\/09\/elprincipal1-cmpr-1024x1024.jpg 1024w, https:\/\/elprincipaldecorsega.com\/wp-content\/uploads\/2024\/09\/elprincipal1-cmpr-150x150.jpg 150w, https:\/\/elprincipaldecorsega.com\/wp-content\/uploads\/2024\/09\/elprincipal1-cmpr-768x768.jpg 768w, https:\/\/elprincipaldecorsega.com\/wp-content\/uploads\/2024\/09\/elprincipal1-cmpr-1536x1536.jpg 1536w, https:\/\/elprincipaldecorsega.com\/wp-content\/uploads\/2024\/09\/elprincipal1-cmpr-2048x2048.jpg 2048w, https:\/\/elprincipaldecorsega.com\/wp-content\/uploads\/2024\/09\/elprincipal1-cmpr-600x600.jpg 600w, https:\/\/elprincipaldecorsega.com\/wp-content\/uploads\/2024\/09\/elprincipal1-cmpr-900x900.jpg 900w, https:\/\/elprincipaldecorsega.com\/wp-content\/uploads\/2024\/09\/elprincipal1-cmpr-20x20.jpg 20w\" sizes=\"auto, (max-width: 2560px) 100vw, 2560px\" \/>\t\t\t\t\t\t\t<\/div>\n\t\t\t\t\t\t\t\t\t<\/div>\n\t[\/vc_column][vc_column width=\u00a0\u00bb1\/3&Prime; el_class=\u00a0\u00bbbloques\u00a0\u00bb css=\u00a0\u00bb.vc_custom_1725892422204{margin-bottom: 32px !important;}\u00a0\u00bb][vc_column_text css=\u00a0\u00bb\u00a0\u00bb]\r\n<h2>Pourquoi le faisons-nous ?<\/h2>\r\n[\/vc_column_text][vc_column_text css=\u00a0\u00bb\u00a0\u00bb]El Principal de C\u00f2rsega est un cercle d&rsquo;amis qui partagent la conviction profonde que l&rsquo;Art est le meilleur compagnon de voyage dans nos vies.[\/vc_column_text]\t<div id=\"thb-image-69ef87efab924\" class=\"caption-style1  alignleft   thb_image_link wp-caption \">\n\t  \t\t\t<div class=\"thb-image-inner size_100\">\n\t\t\t\t<img loading=\"lazy\" decoding=\"async\" width=\"2560\" height=\"2560\" src=\"https:\/\/elprincipaldecorsega.com\/wp-content\/uploads\/2024\/09\/elprincipal2-cmpr-scaled.jpg\" class=\"thb_image   attachment-full\" alt=\"\" title=\"elprincipal2-cmpr\" srcset=\"https:\/\/elprincipaldecorsega.com\/wp-content\/uploads\/2024\/09\/elprincipal2-cmpr-scaled.jpg 2560w, https:\/\/elprincipaldecorsega.com\/wp-content\/uploads\/2024\/09\/elprincipal2-cmpr-300x300.jpg 300w, https:\/\/elprincipaldecorsega.com\/wp-content\/uploads\/2024\/09\/elprincipal2-cmpr-1024x1024.jpg 1024w, https:\/\/elprincipaldecorsega.com\/wp-content\/uploads\/2024\/09\/elprincipal2-cmpr-150x150.jpg 150w, https:\/\/elprincipaldecorsega.com\/wp-content\/uploads\/2024\/09\/elprincipal2-cmpr-768x768.jpg 768w, https:\/\/elprincipaldecorsega.com\/wp-content\/uploads\/2024\/09\/elprincipal2-cmpr-1536x1536.jpg 1536w, https:\/\/elprincipaldecorsega.com\/wp-content\/uploads\/2024\/09\/elprincipal2-cmpr-2048x2048.jpg 2048w, https:\/\/elprincipaldecorsega.com\/wp-content\/uploads\/2024\/09\/elprincipal2-cmpr-600x600.jpg 600w, https:\/\/elprincipaldecorsega.com\/wp-content\/uploads\/2024\/09\/elprincipal2-cmpr-900x900.jpg 900w, https:\/\/elprincipaldecorsega.com\/wp-content\/uploads\/2024\/09\/elprincipal2-cmpr-20x20.jpg 20w\" sizes=\"auto, (max-width: 2560px) 100vw, 2560px\" \/>\t\t\t\t\t\t\t<\/div>\n\t\t\t\t\t\t\t\t\t<\/div>\n\t[\/vc_column][\/vc_row]<\/div>","protected":false},"excerpt":{"rendered":"[vc_row][vc_column][vc_column_text] El principal [\/vc_column_text][\/vc_column][\/vc_row][vc_row][vc_column width=\u00a0\u00bb1\/3&Prime; el_class=\u00a0\u00bbbloques\u00a0\u00bb css=\u00a0\u00bb.vc_custom_1725892410124{margin-bottom: 32px !important;}\u00a0\u00bb][vc_column_text css=\u00a0\u00bb\u00a0\u00bb] Quefaisons-nous ? [\/vc_column_text][vc_column_text css=\u00a0\u00bb\u00a0\u00bb]La mission d&rsquo;El Principal de C\u00f2rsega est de cr\u00e9er un espace intime et unique qui relie directement les artistes \u00e0 ceux qui consid\u00e8rent l&rsquo;Art comme une partie essentielle de leur vie. Nous favorisons un environnement qui encourage la proximit\u00e9 et une compr\u00e9hension&hellip;","protected":false},"author":1,"featured_media":0,"parent":0,"menu_order":0,"comment_status":"closed","ping_status":"closed","template":"","meta":{"_acf_changed":false,"_monsterinsights_skip_tracking":false,"_monsterinsights_sitenote_active":false,"_monsterinsights_sitenote_note":"","_monsterinsights_sitenote_category":0,"footnotes":""},"class_list":["post-893","page","type-page","status-publish","hentry"],"acf":[],"_links":{"self":[{"href":"https:\/\/elprincipaldecorsega.com\/fr\/wp-json\/wp\/v2\/pages\/893","targetHints":{"allow":["GET"]}}],"collection":[{"href":"https:\/\/elprincipaldecorsega.com\/fr\/wp-json\/wp\/v2\/pages"}],"about":[{"href":"https:\/\/elprincipaldecorsega.com\/fr\/wp-json\/wp\/v2\/types\/page"}],"author":[{"embeddable":true,"href":"https:\/\/elprincipaldecorsega.com\/fr\/wp-json\/wp\/v2\/users\/1"}],"replies":[{"embeddable":true,"href":"https:\/\/elprincipaldecorsega.com\/fr\/wp-json\/wp\/v2\/comments?post=893"}],"version-history":[{"count":8,"href":"https:\/\/elprincipaldecorsega.com\/fr\/wp-json\/wp\/v2\/pages\/893\/revisions"}],"predecessor-version":[{"id":904,"href":"https:\/\/elprincipaldecorsega.com\/fr\/wp-json\/wp\/v2\/pages\/893\/revisions\/904"}],"wp:attachment":[{"href":"https:\/\/elprincipaldecorsega.com\/fr\/wp-json\/wp\/v2\/media?parent=893"}],"curies":[{"name":"wp","href":"https:\/\/api.w.org\/{rel}","templated":true}]}}