
{"id":673,"date":"2024-10-23T18:55:50","date_gmt":"2024-10-23T18:55:50","guid":{"rendered":"https:\/\/elprincipaldecorsega.com\/\/amigos\/"},"modified":"2024-11-15T09:39:56","modified_gmt":"2024-11-15T09:39:56","slug":"amigos","status":"publish","type":"page","link":"https:\/\/elprincipaldecorsega.com\/es\/amigos\/","title":{"rendered":"Amigos"},"content":{"rendered":"<div class=\"wpb-content-wrapper\">[vc_row css=\u00bb.vc_custom_1730049686674{margin-bottom: 8% !important;}\u00bb][vc_column width=\u00bb1\/2&#8243; css=\u00bb.vc_custom_1730049550102{margin-top: 50px !important;}\u00bb][vc_column_text css=\u00bb\u00bb]<strong>El Principal de C\u00f3rcega<\/strong> se inspira en los <strong>pisos-galer\u00eda existentes en Par\u00eds en los a\u00f1os sesenta y setenta<\/strong> . Nuestro objetivo es proponer una forma de acercarse a la creaci\u00f3n contempor\u00e1nea y al coleccionismo que <strong>reivindica la proximidad<\/strong> entre los artistas, sus obras y todos aquellos y aquellas que las quieran conocer en el entorno privado, \u201csecreto\u201d incluso, de un domicilio particular. En este sentido, <strong>nuestra comunicaci\u00f3n ser\u00e1 muy espec\u00edfica y contenida<\/strong> , dirigida a los amigos del proyecto que est\u00e9n interesados \u200b\u200ben este tipo de aproximaci\u00f3n al mundo del arte. Es por ello que, si desea recibir convocatorias e informaci\u00f3n sobre nuestra actividad, le pedimos que rellene el siguiente formulario con sus datos, que <strong>s\u00f3lo utilizaremos para comunicaciones a tal fin<\/strong> . \u00a1Muchas gracias y hasta pronto![\/vc_column_text][\/vc_column][vc_column width=\u00bb1\/2&#8243; css=\u00bb.vc_custom_1730049674649{margin-top: 50px !important;padding-right: 24px !important;padding-left: 24px !important;background-color: #F5F5F5 !important;border-radius: 10px !important;}\u00bb]<div class=\"wpforms-container wpforms-container-full wpforms-render-modern\" id=\"wpforms-462\"><form id=\"wpforms-form-462\" class=\"wpforms-validate wpforms-form wpforms-ajax-form\" data-formid=\"462\" method=\"post\" enctype=\"multipart\/form-data\" action=\"\/es\/wp-json\/wp\/v2\/pages\/673\" data-token=\"33bfccbe741c4baabb3efb557af49d6f\" data-token-time=\"1777712680\"><noscript class=\"wpforms-error-noscript\">Por favor, activa JavaScript en tu navegador para completar este formulario.<\/noscript><div class=\"wpforms-hidden\" id=\"wpforms-error-noscript\">Por favor, activa JavaScript en tu navegador para completar este formulario.<\/div><div class=\"wpforms-field-container\"><div id=\"wpforms-462-field_1-container\" class=\"wpforms-field wpforms-field-name\" data-field-id=\"1\"><fieldset><legend class=\"wpforms-field-label\">Nom <span class=\"wpforms-required-label\" aria-hidden=\"true\">*<\/span><\/legend><div class=\"wpforms-field-row wpforms-field-medium\"><div class=\"wpforms-field-row-block wpforms-first wpforms-one-half\"><input type=\"text\" id=\"wpforms-462-field_1\" class=\"wpforms-field-name-first wpforms-field-required\" name=\"wpforms[fields][1][first]\" aria-errormessage=\"wpforms-462-field_1-error\" required><label for=\"wpforms-462-field_1\" class=\"wpforms-field-sublabel after\">Nombre<\/label><\/div><div class=\"wpforms-field-row-block wpforms-one-half\"><input type=\"text\" id=\"wpforms-462-field_1-last\" class=\"wpforms-field-name-last wpforms-field-required\" name=\"wpforms[fields][1][last]\" aria-errormessage=\"wpforms-462-field_1-last-error\" required><label for=\"wpforms-462-field_1-last\" class=\"wpforms-field-sublabel after\">Apellidos<\/label><\/div><\/div><\/fieldset><\/div><div id=\"wpforms-462-field_2-container\" class=\"wpforms-field wpforms-field-email\" data-field-id=\"2\"><label class=\"wpforms-field-label\" for=\"wpforms-462-field_2\">Correu electr\u00f2nic <span class=\"wpforms-required-label\" aria-hidden=\"true\">*<\/span><\/label><input type=\"email\" id=\"wpforms-462-field_2\" class=\"wpforms-field-medium wpforms-field-required\" name=\"wpforms[fields][2]\" spellcheck=\"false\" aria-errormessage=\"wpforms-462-field_2-error\" required><\/div>\t\t<div id=\"wpforms-462-field_4-container\"\n\t\t\tclass=\"wpforms-field wpforms-field-text\"\n\t\t\tdata-field-type=\"text\"\n\t\t\tdata-field-id=\"4\"\n\t\t\t>\n\t\t\t<label class=\"wpforms-field-label\" for=\"wpforms-462-field_4\" >Correu Nom Tel\u00e8fon<\/label>\n\t\t\t<input type=\"text\" id=\"wpforms-462-field_4\" class=\"wpforms-field-medium\" name=\"wpforms[fields][4]\" >\n\t\t<\/div>\n\t\t<div id=\"wpforms-462-field_3-container\" class=\"wpforms-field wpforms-field-text\" data-field-id=\"3\"><label class=\"wpforms-field-label\" for=\"wpforms-462-field_3\">Tel\u00e8fon <span class=\"wpforms-required-label\" aria-hidden=\"true\">*<\/span><\/label><input type=\"text\" id=\"wpforms-462-field_3\" class=\"wpforms-field-medium wpforms-field-required\" name=\"wpforms[fields][3]\" aria-errormessage=\"wpforms-462-field_3-error\" required><\/div><script>\n\t\t\t\t( function() {\n\t\t\t\t\tconst style = document.createElement( 'style' );\n\t\t\t\t\tstyle.appendChild( document.createTextNode( '#wpforms-462-field_4-container { position: absolute !important; overflow: hidden !important; display: inline !important; height: 1px !important; width: 1px !important; z-index: -1000 !important; padding: 0 !important; } #wpforms-462-field_4-container input { visibility: hidden; } #wpforms-conversational-form-page #wpforms-462-field_4-container label { counter-increment: none; }' ) );\n\t\t\t\t\tdocument.head.appendChild( style );\n\t\t\t\t\tdocument.currentScript?.remove();\n\t\t\t\t} )();\n\t\t\t<\/script><\/div><!-- .wpforms-field-container --><div class=\"wpforms-recaptcha-container wpforms-is-recaptcha wpforms-is-recaptcha-type-v3\" ><input type=\"hidden\" name=\"wpforms[recaptcha]\" value=\"\"><\/div><div class=\"wpforms-submit-container\" ><input type=\"hidden\" name=\"wpforms[id]\" value=\"462\"><input type=\"hidden\" name=\"page_title\" value=\"\"><input type=\"hidden\" name=\"page_url\" value=\"https:\/\/elprincipaldecorsega.com\/es\/wp-json\/wp\/v2\/pages\/673\"><input type=\"hidden\" name=\"url_referer\" value=\"\"><button type=\"submit\" name=\"wpforms[submit]\" id=\"wpforms-submit-462\" class=\"wpforms-submit\" data-alt-text=\"S&#039;est\u00e0 enviant...\" data-submit-text=\"Envia\" aria-live=\"assertive\" value=\"wpforms-submit\">Envia<\/button><img loading=\"lazy\" decoding=\"async\" src=\"https:\/\/elprincipaldecorsega.com\/wp-content\/plugins\/wpforms-lite\/assets\/images\/submit-spin.svg\" class=\"wpforms-submit-spinner\" style=\"display: none;\" width=\"26\" height=\"26\" alt=\"Cargando\"><\/div><\/form><\/div>  <!-- .wpforms-container -->[\/vc_column][\/vc_row]<\/div>","protected":false},"excerpt":{"rendered":"[vc_row css=\u00bb.vc_custom_1730049686674{margin-bottom: 8% !important;}\u00bb][vc_column width=\u00bb1\/2&#8243; css=\u00bb.vc_custom_1730049550102{margin-top: 50px !important;}\u00bb][vc_column_text css=\u00bb\u00bb]El Principal de C\u00f3rcega se inspira en los pisos-galer\u00eda existentes en Par\u00eds en los a\u00f1os sesenta y setenta . Nuestro objetivo es proponer una forma de acercarse a la creaci\u00f3n contempor\u00e1nea y al coleccionismo que reivindica la proximidad entre los artistas, sus obras y todos aquellos y&hellip;","protected":false},"author":1,"featured_media":0,"parent":0,"menu_order":0,"comment_status":"closed","ping_status":"closed","template":"","meta":{"_acf_changed":false,"_monsterinsights_skip_tracking":false,"_monsterinsights_sitenote_active":false,"_monsterinsights_sitenote_note":"","_monsterinsights_sitenote_category":0,"footnotes":""},"class_list":["post-673","page","type-page","status-publish","hentry"],"acf":[],"_links":{"self":[{"href":"https:\/\/elprincipaldecorsega.com\/es\/wp-json\/wp\/v2\/pages\/673","targetHints":{"allow":["GET"]}}],"collection":[{"href":"https:\/\/elprincipaldecorsega.com\/es\/wp-json\/wp\/v2\/pages"}],"about":[{"href":"https:\/\/elprincipaldecorsega.com\/es\/wp-json\/wp\/v2\/types\/page"}],"author":[{"embeddable":true,"href":"https:\/\/elprincipaldecorsega.com\/es\/wp-json\/wp\/v2\/users\/1"}],"replies":[{"embeddable":true,"href":"https:\/\/elprincipaldecorsega.com\/es\/wp-json\/wp\/v2\/comments?post=673"}],"version-history":[{"count":3,"href":"https:\/\/elprincipaldecorsega.com\/es\/wp-json\/wp\/v2\/pages\/673\/revisions"}],"predecessor-version":[{"id":676,"href":"https:\/\/elprincipaldecorsega.com\/es\/wp-json\/wp\/v2\/pages\/673\/revisions\/676"}],"wp:attachment":[{"href":"https:\/\/elprincipaldecorsega.com\/es\/wp-json\/wp\/v2\/media?parent=673"}],"curies":[{"name":"wp","href":"https:\/\/api.w.org\/{rel}","templated":true}]}}