
{"id":333,"date":"2024-08-14T20:07:34","date_gmt":"2024-08-14T20:07:34","guid":{"rendered":"https:\/\/elprincipaldecorsega.com\/\/hombre\/"},"modified":"2025-01-11T21:51:45","modified_gmt":"2025-01-11T21:51:45","slug":"sample-page","status":"publish","type":"page","link":"https:\/\/elprincipaldecorsega.com\/es\/","title":{"rendered":"Home"},"content":{"rendered":"<div class=\"wpb-content-wrapper\">[vc_row css=\u00bb.vc_custom_1724517336460{margin-top: 32px !important;}\u00bb][vc_column]\t<div id=\"thb-image-slider-90\" class=\"thb-image-slider slick row  \" data-pagination=\"\" data-navigation=\"\" data-center=\"true\" data-columns=\"1\" data-infinite=\"true\" data-autoplay=\"1\" data-autoplay-speed=\"4000\">\n\t\t\t\t\t\t<figure class=\"columns\">\n\t\t\t\t\t\t\t\t<img loading=\"lazy\" decoding=\"async\" width=\"2560\" height=\"1707\" src=\"https:\/\/elprincipaldecorsega.com\/wp-content\/uploads\/2024\/09\/home-cmpr-scaled.jpg\" class=\"attachment-$size_class size-$size_class thb-ignore-lazyload\" alt=\"\" srcset=\"https:\/\/elprincipaldecorsega.com\/wp-content\/uploads\/2024\/09\/home-cmpr-scaled.jpg 2560w, https:\/\/elprincipaldecorsega.com\/wp-content\/uploads\/2024\/09\/home-cmpr-300x200.jpg 300w, https:\/\/elprincipaldecorsega.com\/wp-content\/uploads\/2024\/09\/home-cmpr-1024x683.jpg 1024w, https:\/\/elprincipaldecorsega.com\/wp-content\/uploads\/2024\/09\/home-cmpr-768x512.jpg 768w\" sizes=\"auto, (max-width: 2560px) 100vw, 2560px\" \/>\t\t\t\t\t\t\t\t\t<\/figure>\n\t\t\t\t\t\t\t\t<figure class=\"columns\">\n\t\t\t\t\t\t\t\t<img loading=\"lazy\" decoding=\"async\" width=\"2560\" height=\"1707\" src=\"https:\/\/elprincipaldecorsega.com\/wp-content\/uploads\/2024\/09\/home2-cmpr-scaled.jpg\" class=\"attachment-$size_class size-$size_class thb-ignore-lazyload\" alt=\"\" srcset=\"https:\/\/elprincipaldecorsega.com\/wp-content\/uploads\/2024\/09\/home2-cmpr-scaled.jpg 2560w, https:\/\/elprincipaldecorsega.com\/wp-content\/uploads\/2024\/09\/home2-cmpr-300x200.jpg 300w, https:\/\/elprincipaldecorsega.com\/wp-content\/uploads\/2024\/09\/home2-cmpr-1024x683.jpg 1024w, https:\/\/elprincipaldecorsega.com\/wp-content\/uploads\/2024\/09\/home2-cmpr-768x512.jpg 768w, https:\/\/elprincipaldecorsega.com\/wp-content\/uploads\/2024\/09\/home2-cmpr-1536x1024.jpg 1536w, https:\/\/elprincipaldecorsega.com\/wp-content\/uploads\/2024\/09\/home2-cmpr-2048x1365.jpg 2048w, https:\/\/elprincipaldecorsega.com\/wp-content\/uploads\/2024\/09\/home2-cmpr-150x100.jpg 150w, https:\/\/elprincipaldecorsega.com\/wp-content\/uploads\/2024\/09\/home2-cmpr-600x400.jpg 600w, https:\/\/elprincipaldecorsega.com\/wp-content\/uploads\/2024\/09\/home2-cmpr-900x600.jpg 900w, https:\/\/elprincipaldecorsega.com\/wp-content\/uploads\/2024\/09\/home2-cmpr-20x13.jpg 20w\" sizes=\"auto, (max-width: 2560px) 100vw, 2560px\" \/>\t\t\t\t\t\t\t\t\t<\/figure>\n\t\t\t\t\t\t\t\t<figure class=\"columns\">\n\t\t\t\t\t\t\t\t<img loading=\"lazy\" decoding=\"async\" width=\"2560\" height=\"1707\" src=\"https:\/\/elprincipaldecorsega.com\/wp-content\/uploads\/2024\/09\/home3-cmpr-scaled.jpg\" class=\"attachment-$size_class size-$size_class thb-ignore-lazyload\" alt=\"\" srcset=\"https:\/\/elprincipaldecorsega.com\/wp-content\/uploads\/2024\/09\/home3-cmpr-scaled.jpg 2560w, https:\/\/elprincipaldecorsega.com\/wp-content\/uploads\/2024\/09\/home3-cmpr-300x200.jpg 300w, https:\/\/elprincipaldecorsega.com\/wp-content\/uploads\/2024\/09\/home3-cmpr-1024x683.jpg 1024w, https:\/\/elprincipaldecorsega.com\/wp-content\/uploads\/2024\/09\/home3-cmpr-768x512.jpg 768w, https:\/\/elprincipaldecorsega.com\/wp-content\/uploads\/2024\/09\/home3-cmpr-1536x1024.jpg 1536w, https:\/\/elprincipaldecorsega.com\/wp-content\/uploads\/2024\/09\/home3-cmpr-2048x1365.jpg 2048w, https:\/\/elprincipaldecorsega.com\/wp-content\/uploads\/2024\/09\/home3-cmpr-150x100.jpg 150w, https:\/\/elprincipaldecorsega.com\/wp-content\/uploads\/2024\/09\/home3-cmpr-600x400.jpg 600w, https:\/\/elprincipaldecorsega.com\/wp-content\/uploads\/2024\/09\/home3-cmpr-900x600.jpg 900w, https:\/\/elprincipaldecorsega.com\/wp-content\/uploads\/2024\/09\/home3-cmpr-20x13.jpg 20w\" sizes=\"auto, (max-width: 2560px) 100vw, 2560px\" \/>\t\t\t\t\t\t\t\t\t<\/figure>\n\t\t\t\t\t\t\t\t<figure class=\"columns\">\n\t\t\t\t\t\t\t\t<img loading=\"lazy\" decoding=\"async\" width=\"2560\" height=\"1707\" src=\"https:\/\/elprincipaldecorsega.com\/wp-content\/uploads\/2024\/09\/home1-cmpr-scaled.jpg\" class=\"attachment-$size_class size-$size_class thb-ignore-lazyload\" alt=\"\" srcset=\"https:\/\/elprincipaldecorsega.com\/wp-content\/uploads\/2024\/09\/home1-cmpr-scaled.jpg 2560w, https:\/\/elprincipaldecorsega.com\/wp-content\/uploads\/2024\/09\/home1-cmpr-300x200.jpg 300w, https:\/\/elprincipaldecorsega.com\/wp-content\/uploads\/2024\/09\/home1-cmpr-1024x683.jpg 1024w, https:\/\/elprincipaldecorsega.com\/wp-content\/uploads\/2024\/09\/home1-cmpr-768x512.jpg 768w, https:\/\/elprincipaldecorsega.com\/wp-content\/uploads\/2024\/09\/home1-cmpr-1536x1024.jpg 1536w, https:\/\/elprincipaldecorsega.com\/wp-content\/uploads\/2024\/09\/home1-cmpr-2048x1365.jpg 2048w, https:\/\/elprincipaldecorsega.com\/wp-content\/uploads\/2024\/09\/home1-cmpr-150x100.jpg 150w, https:\/\/elprincipaldecorsega.com\/wp-content\/uploads\/2024\/09\/home1-cmpr-600x400.jpg 600w, https:\/\/elprincipaldecorsega.com\/wp-content\/uploads\/2024\/09\/home1-cmpr-900x600.jpg 900w, https:\/\/elprincipaldecorsega.com\/wp-content\/uploads\/2024\/09\/home1-cmpr-20x13.jpg 20w\" sizes=\"auto, (max-width: 2560px) 100vw, 2560px\" \/>\t\t\t\t\t\t\t\t\t<\/figure>\n\t\t\t\t\t<\/div>\n\t[\/vc_column][\/vc_row][vc_row css=\u00bb.vc_custom_1723713132925{margin-top: 32px !important;}\u00bb][vc_column][vc_column_text css=\u00bb\u00bb]\r\n<h1>El Principal de C\u00f2rsega es un proyecto personal que reivindica un regreso al contacto directo con el Arte y los artistas.<\/h1>\r\n[\/vc_column_text][vc_column_text css=\u00bb\u00bb]El Principal de C\u00f2rsega es un proyecto personal que reivindica un regreso al contacto directo con el Arte y los artistas.\r\nInspirado en los pisos-galer\u00eda que exist\u00edan en Par\u00eds en los a\u00f1os sesenta y setenta, donde se celebraban encuentros de diversos tipos y p\u00fablicos, El Principal de C\u00f2rsega propone una forma de acercarse a la creaci\u00f3n contempor\u00e1nea y al coleccionismo que reivindica la cercan\u00eda entre los artistas, sus obras y todos aquellos y aquellas que deseen conocerlas en el entorno privado, incluso \u201csecreto\u201d, de un domicilio particular. Por esta raz\u00f3n, solamente se puede acceder mediante invitaci\u00f3n o con cita previa.\r\n\r\nLa programaci\u00f3n de El Principal de C\u00f2rsega se centra principalmente \u2014aunque no exclusivamente\u2014 en artistas s\u00e9niors, con una trayectoria larga y consolidada. Adem\u00e1s de exposiciones, tanto individuales como colectivas, el espacio acoge encuentros, debates, charlas, presentaciones y otras actividades que generan conexiones entre los artistas, los coleccionistas y las personas interesadas o simplemente atra\u00eddas por la cultura en general.\r\n\r\nEn definitiva, El Principal de C\u00f2rsega es un c\u00edrculo de amigos que compartimos la profunda convicci\u00f3n de que el Arte es el mejor compa\u00f1ero de viaje de nuestras vidas.[\/vc_column_text][\/vc_column][\/vc_row]<\/div>","protected":false},"excerpt":{"rendered":"[vc_row css=\u00bb.vc_custom_1724517336460{margin-top: 32px !important;}\u00bb][vc_column][\/vc_column][\/vc_row][vc_row css=\u00bb.vc_custom_1723713132925{margin-top: 32px !important;}\u00bb][vc_column][vc_column_text css=\u00bb\u00bb] El Principal de C\u00f2rsega es un proyecto personal que reivindica un regreso al contacto directo con el Arte y los artistas. [\/vc_column_text][vc_column_text css=\u00bb\u00bb]El Principal de C\u00f2rsega es un proyecto personal que reivindica un regreso al contacto directo con el Arte y los artistas. Inspirado en los pisos-galer\u00eda&hellip;","protected":false},"author":1,"featured_media":0,"parent":0,"menu_order":0,"comment_status":"closed","ping_status":"open","template":"","meta":{"_acf_changed":false,"_monsterinsights_skip_tracking":false,"_monsterinsights_sitenote_active":false,"_monsterinsights_sitenote_note":"","_monsterinsights_sitenote_category":0,"footnotes":""},"class_list":["post-333","page","type-page","status-publish","hentry"],"acf":[],"_links":{"self":[{"href":"https:\/\/elprincipaldecorsega.com\/es\/wp-json\/wp\/v2\/pages\/333","targetHints":{"allow":["GET"]}}],"collection":[{"href":"https:\/\/elprincipaldecorsega.com\/es\/wp-json\/wp\/v2\/pages"}],"about":[{"href":"https:\/\/elprincipaldecorsega.com\/es\/wp-json\/wp\/v2\/types\/page"}],"author":[{"embeddable":true,"href":"https:\/\/elprincipaldecorsega.com\/es\/wp-json\/wp\/v2\/users\/1"}],"replies":[{"embeddable":true,"href":"https:\/\/elprincipaldecorsega.com\/es\/wp-json\/wp\/v2\/comments?post=333"}],"version-history":[{"count":10,"href":"https:\/\/elprincipaldecorsega.com\/es\/wp-json\/wp\/v2\/pages\/333\/revisions"}],"predecessor-version":[{"id":768,"href":"https:\/\/elprincipaldecorsega.com\/es\/wp-json\/wp\/v2\/pages\/333\/revisions\/768"}],"wp:attachment":[{"href":"https:\/\/elprincipaldecorsega.com\/es\/wp-json\/wp\/v2\/media?parent=333"}],"curies":[{"name":"wp","href":"https:\/\/api.w.org\/{rel}","templated":true}]}}