
{"id":323,"date":"2024-08-15T11:16:26","date_gmt":"2024-08-15T11:16:26","guid":{"rendered":"https:\/\/elprincipaldecorsega.com\/\/el-principal\/"},"modified":"2025-01-11T22:15:23","modified_gmt":"2025-01-11T22:15:23","slug":"el-principal","status":"publish","type":"page","link":"https:\/\/elprincipaldecorsega.com\/es\/el-principal\/","title":{"rendered":"El Principal"},"content":{"rendered":"<div class=\"wpb-content-wrapper\">[vc_row][vc_column][vc_column_text css=\u00bb\u00bb]\r\n<h1>El Principal<\/h1>\r\n[\/vc_column_text][\/vc_column][\/vc_row][vc_row][vc_column width=\u00bb1\/3&#8243; el_class=\u00bbbloques\u00bb css=\u00bb.vc_custom_1725892410124{margin-bottom: 32px !important;}\u00bb][vc_column_text css=\u00bb\u00bb]\r\n<h2>\u00bfQu\u00e9 hacemos?<\/h2>\r\n[\/vc_column_text][vc_column_text css=\u00bb\u00bb]El Principal de C\u00f2rsega tiene como misi\u00f3n crear un espacio \u00edntimo y singular que conecte directamente a los artistas con aquellas personas que valoran el Arte como parte esencial de sus vidas. Promovemos un entorno que favorezca la cercan\u00eda y una comprensi\u00f3n profunda de las obras, facilitando encuentros e intercambios que enriquecer\u00e1n tanto a los creadores como a los coleccionistas y los amantes de la cultura en general.[\/vc_column_text]\t<div id=\"thb-image-69ef7b5d198ec\" class=\"caption-style1  alignleft   thb_image_link wp-caption \">\n\t  \t\t\t<div class=\"thb-image-inner size_100\">\n\t\t\t\t<img loading=\"lazy\" decoding=\"async\" width=\"2560\" height=\"2560\" src=\"https:\/\/elprincipaldecorsega.com\/wp-content\/uploads\/2024\/09\/elprincipal-cmpr-scaled.jpg\" class=\"thb_image   attachment-full\" alt=\"\" title=\"elprincipal-cmpr\" srcset=\"https:\/\/elprincipaldecorsega.com\/wp-content\/uploads\/2024\/09\/elprincipal-cmpr-scaled.jpg 2560w, https:\/\/elprincipaldecorsega.com\/wp-content\/uploads\/2024\/09\/elprincipal-cmpr-300x300.jpg 300w, https:\/\/elprincipaldecorsega.com\/wp-content\/uploads\/2024\/09\/elprincipal-cmpr-1024x1024.jpg 1024w, https:\/\/elprincipaldecorsega.com\/wp-content\/uploads\/2024\/09\/elprincipal-cmpr-150x150.jpg 150w, https:\/\/elprincipaldecorsega.com\/wp-content\/uploads\/2024\/09\/elprincipal-cmpr-768x768.jpg 768w, https:\/\/elprincipaldecorsega.com\/wp-content\/uploads\/2024\/09\/elprincipal-cmpr-1536x1536.jpg 1536w, https:\/\/elprincipaldecorsega.com\/wp-content\/uploads\/2024\/09\/elprincipal-cmpr-2048x2048.jpg 2048w, https:\/\/elprincipaldecorsega.com\/wp-content\/uploads\/2024\/09\/elprincipal-cmpr-600x600.jpg 600w, https:\/\/elprincipaldecorsega.com\/wp-content\/uploads\/2024\/09\/elprincipal-cmpr-900x900.jpg 900w, https:\/\/elprincipaldecorsega.com\/wp-content\/uploads\/2024\/09\/elprincipal-cmpr-20x20.jpg 20w\" sizes=\"auto, (max-width: 2560px) 100vw, 2560px\" \/>\t\t\t\t\t\t\t<\/div>\n\t\t\t\t\t\t\t\t\t<\/div>\n\t[\/vc_column][vc_column width=\u00bb1\/3&#8243; el_class=\u00bbbloques\u00bb css=\u00bb.vc_custom_1725892415243{margin-bottom: 32px !important;}\u00bb][vc_column_text css=\u00bb\u00bb]\r\n<h2>\u00bfC\u00f3mo lo hacemos?<\/h2>\r\n[\/vc_column_text][vc_column_text css=\u00bb\u00bb]El Principal ofrece un abanico de actividades que incluye visitas personalizadas, charlas con los artistas, exposiciones individuales y colectivas, y eventos privados que pueden celebrarse en este espacio \u00fanico.\r\nFuera de El Principal, ampliamos nuestra influencia a trav\u00e9s del asesoramiento personalizado a coleccionistas e instituciones, servicios de comisariado y visitas guiadas a otros espacios culturales. En nuestra red internacional, trabajamos tambi\u00e9n con la filosof\u00eda de acercar el Arte a la vida de las personas de una manera significativa.[\/vc_column_text]\t<div id=\"thb-image-69ef7b5d19fef\" class=\"caption-style1  alignleft   thb_image_link wp-caption \">\n\t  \t\t\t<div class=\"thb-image-inner size_100\">\n\t\t\t\t<img loading=\"lazy\" decoding=\"async\" width=\"2560\" height=\"2560\" src=\"https:\/\/elprincipaldecorsega.com\/wp-content\/uploads\/2024\/09\/elprincipal1-cmpr-scaled.jpg\" class=\"thb_image   attachment-full\" alt=\"\" title=\"elprincipal1-cmpr\" srcset=\"https:\/\/elprincipaldecorsega.com\/wp-content\/uploads\/2024\/09\/elprincipal1-cmpr-scaled.jpg 2560w, https:\/\/elprincipaldecorsega.com\/wp-content\/uploads\/2024\/09\/elprincipal1-cmpr-300x300.jpg 300w, https:\/\/elprincipaldecorsega.com\/wp-content\/uploads\/2024\/09\/elprincipal1-cmpr-1024x1024.jpg 1024w, https:\/\/elprincipaldecorsega.com\/wp-content\/uploads\/2024\/09\/elprincipal1-cmpr-150x150.jpg 150w, https:\/\/elprincipaldecorsega.com\/wp-content\/uploads\/2024\/09\/elprincipal1-cmpr-768x768.jpg 768w, https:\/\/elprincipaldecorsega.com\/wp-content\/uploads\/2024\/09\/elprincipal1-cmpr-1536x1536.jpg 1536w, https:\/\/elprincipaldecorsega.com\/wp-content\/uploads\/2024\/09\/elprincipal1-cmpr-2048x2048.jpg 2048w, https:\/\/elprincipaldecorsega.com\/wp-content\/uploads\/2024\/09\/elprincipal1-cmpr-600x600.jpg 600w, https:\/\/elprincipaldecorsega.com\/wp-content\/uploads\/2024\/09\/elprincipal1-cmpr-900x900.jpg 900w, https:\/\/elprincipaldecorsega.com\/wp-content\/uploads\/2024\/09\/elprincipal1-cmpr-20x20.jpg 20w\" sizes=\"auto, (max-width: 2560px) 100vw, 2560px\" \/>\t\t\t\t\t\t\t<\/div>\n\t\t\t\t\t\t\t\t\t<\/div>\n\t[\/vc_column][vc_column width=\u00bb1\/3&#8243; el_class=\u00bbbloques\u00bb css=\u00bb.vc_custom_1725892422204{margin-bottom: 32px !important;}\u00bb][vc_column_text css=\u00bb\u00bb]\r\n<h2>\u00bfPor qu\u00e9 lo hacemos?<\/h2>\r\n[\/vc_column_text][vc_column_text css=\u00bb\u00bb]El Principal de C\u00f2rsega es un c\u00edrculo de amigos que compartimos la profunda convicci\u00f3n de que el Arte es el mejor compa\u00f1ero de viaje de nuestras vidas.[\/vc_column_text]\t<div id=\"thb-image-69ef7b5d1a5cb\" class=\"caption-style1  alignleft   thb_image_link wp-caption \">\n\t  \t\t\t<div class=\"thb-image-inner size_100\">\n\t\t\t\t<img loading=\"lazy\" decoding=\"async\" width=\"2560\" height=\"2560\" src=\"https:\/\/elprincipaldecorsega.com\/wp-content\/uploads\/2024\/09\/elprincipal2-cmpr-scaled.jpg\" class=\"thb_image   attachment-full\" alt=\"\" title=\"elprincipal2-cmpr\" srcset=\"https:\/\/elprincipaldecorsega.com\/wp-content\/uploads\/2024\/09\/elprincipal2-cmpr-scaled.jpg 2560w, https:\/\/elprincipaldecorsega.com\/wp-content\/uploads\/2024\/09\/elprincipal2-cmpr-300x300.jpg 300w, https:\/\/elprincipaldecorsega.com\/wp-content\/uploads\/2024\/09\/elprincipal2-cmpr-1024x1024.jpg 1024w, https:\/\/elprincipaldecorsega.com\/wp-content\/uploads\/2024\/09\/elprincipal2-cmpr-150x150.jpg 150w, https:\/\/elprincipaldecorsega.com\/wp-content\/uploads\/2024\/09\/elprincipal2-cmpr-768x768.jpg 768w, https:\/\/elprincipaldecorsega.com\/wp-content\/uploads\/2024\/09\/elprincipal2-cmpr-1536x1536.jpg 1536w, https:\/\/elprincipaldecorsega.com\/wp-content\/uploads\/2024\/09\/elprincipal2-cmpr-2048x2048.jpg 2048w, https:\/\/elprincipaldecorsega.com\/wp-content\/uploads\/2024\/09\/elprincipal2-cmpr-600x600.jpg 600w, https:\/\/elprincipaldecorsega.com\/wp-content\/uploads\/2024\/09\/elprincipal2-cmpr-900x900.jpg 900w, https:\/\/elprincipaldecorsega.com\/wp-content\/uploads\/2024\/09\/elprincipal2-cmpr-20x20.jpg 20w\" sizes=\"auto, (max-width: 2560px) 100vw, 2560px\" \/>\t\t\t\t\t\t\t<\/div>\n\t\t\t\t\t\t\t\t\t<\/div>\n\t[\/vc_column][\/vc_row]<\/div>","protected":false},"excerpt":{"rendered":"[vc_row][vc_column][vc_column_text css=\u00bb\u00bb] El Principal [\/vc_column_text][\/vc_column][\/vc_row][vc_row][vc_column width=\u00bb1\/3&#8243; el_class=\u00bbbloques\u00bb css=\u00bb.vc_custom_1725892410124{margin-bottom: 32px !important;}\u00bb][vc_column_text css=\u00bb\u00bb] \u00bfQu\u00e9 hacemos? [\/vc_column_text][vc_column_text css=\u00bb\u00bb]El Principal de C\u00f2rsega tiene como misi\u00f3n crear un espacio \u00edntimo y singular que conecte directamente a los artistas con aquellas personas que valoran el Arte como parte esencial de sus vidas. Promovemos un entorno que favorezca la cercan\u00eda y una&hellip;","protected":false},"author":1,"featured_media":0,"parent":0,"menu_order":0,"comment_status":"closed","ping_status":"closed","template":"","meta":{"_acf_changed":false,"_monsterinsights_skip_tracking":false,"_monsterinsights_sitenote_active":false,"_monsterinsights_sitenote_note":"","_monsterinsights_sitenote_category":0,"footnotes":""},"class_list":["post-323","page","type-page","status-publish","hentry"],"acf":[],"_links":{"self":[{"href":"https:\/\/elprincipaldecorsega.com\/es\/wp-json\/wp\/v2\/pages\/323","targetHints":{"allow":["GET"]}}],"collection":[{"href":"https:\/\/elprincipaldecorsega.com\/es\/wp-json\/wp\/v2\/pages"}],"about":[{"href":"https:\/\/elprincipaldecorsega.com\/es\/wp-json\/wp\/v2\/types\/page"}],"author":[{"embeddable":true,"href":"https:\/\/elprincipaldecorsega.com\/es\/wp-json\/wp\/v2\/users\/1"}],"replies":[{"embeddable":true,"href":"https:\/\/elprincipaldecorsega.com\/es\/wp-json\/wp\/v2\/comments?post=323"}],"version-history":[{"count":13,"href":"https:\/\/elprincipaldecorsega.com\/es\/wp-json\/wp\/v2\/pages\/323\/revisions"}],"predecessor-version":[{"id":772,"href":"https:\/\/elprincipaldecorsega.com\/es\/wp-json\/wp\/v2\/pages\/323\/revisions\/772"}],"wp:attachment":[{"href":"https:\/\/elprincipaldecorsega.com\/es\/wp-json\/wp\/v2\/media?parent=323"}],"curies":[{"name":"wp","href":"https:\/\/api.w.org\/{rel}","templated":true}]}}